{"id":6522,"date":"2021-11-18T08:41:00","date_gmt":"2021-11-18T08:41:00","guid":{"rendered":"https:\/\/mmlcapital.com\/politique-de-confidentialite\/"},"modified":"2026-05-06T11:29:57","modified_gmt":"2026-05-06T10:29:57","slug":"privacy-policy","status":"publish","type":"page","link":"https:\/\/mmlcapital.com\/fr\/privacy-policy\/","title":{"rendered":"Politique de confidentialit\u00e9"},"content":{"rendered":"\n<p>Derni\u00e8re mise \u00e0 jour : 09\/08\/21<\/p>\n\n<p>Cette politique de confidentialit\u00e9 s'applique \u00e0 toutes les donn\u00e9es personnelles trait\u00e9es par MML UK Advisor LLP, soci\u00e9t\u00e9 de droit anglais, immatricul\u00e9e sous le num\u00e9ro CO393766, dont le si\u00e8ge social est Orion House, 5 Upper St. Martin's Lane, Londres, WC2H 9EA (\"MML UK Advisor\", \"nous\", \"nous\" ou \"notre\"). Cela comprend toutes les donn\u00e9es personnelles que vous nous fournissez ou que nous recueillons \u00e0 votre sujet, par exemple si vous acc\u00e9dez \u00e0 un site Internet que nous poss\u00e9dons ou exploitons (y compris <a href=\"https:\/\/mmlcapital.com\/fr\/\">www.mmlcapital.com)<\/a>(ensemble, le \"site Internet\") ou si vous investissez dans l'un de nos fonds ou services, ou si vous vous renseignez \u00e0 son sujet, et\/ou si vous utilisez l'un de nos services (les \"services\").<\/p>\n\n<p>Nous ne commercialisons ni ne concluons de contrats avec des enfants, et nous ne collectons pas sciemment de donn\u00e9es personnelles de toute personne de moins de 18 ans. Veuillez ne pas acc\u00e9der ou utiliser le site Web ou les services si vous avez moins de 18 ans. <\/p>\n\n<h4 class=\"wp-block-heading\">Cette politique et nos coordonn\u00e9es<\/h4>\n\n<p>Cette politique d\u00e9finit les donn\u00e9es personnelles que nous pouvons collecter, la mani\u00e8re dont nous traitons et prot\u00e9geons ces donn\u00e9es, les motifs l\u00e9gaux de ce traitement et vos droits connexes. Essentiellement, les \u00abdonn\u00e9es personnelles\u00bb sont toutes les donn\u00e9es qui peuvent identifier une personne.  Le terme \u00abdonn\u00e9es personnelles\u00bb d\u00e9signe toute information relative \u00e0 une personne physique identifi\u00e9e ou identifiable, \u00e0 savoir une personne qui peut \u00eatre identifi\u00e9e, directement ou indirectement \u00e0 partir de cette information seule ou en conjonction avec d'autres informations.<\/p>\n\n<p>\u00c9tant donn\u00e9 que les lois et pratiques de protection des donn\u00e9es \u00e9voluent constamment, nous devrons peut-\u00eatre mettre \u00e0 jour cette politique de temps \u00e0 autre, ce que nous ferons en publiant une nouvelle politique sur le site Web qui prend effet \u00e0 la date indiqu\u00e9e ci-dessus et, dans la mesure du possible, nous ' Je vous enverrai une copie de la nouvelle politique par courriel. Il est cependant de votre responsabilit\u00e9 de revenir sur le site Web de temps \u00e0 autre et de v\u00e9rifier les changements.<\/p>\n\n<p>Si vous avez des questions concernant cette politique ou nos pratiques de confidentialit\u00e9, vous pouvez toujours nous contacter par courrier \u00e0 l'adresse ci-dessus ou par e-mail \u00e0 <a href=\"mailto:privacy@mmlcapital.com\" target=\"_blank\" rel=\"noopener\">privacy@mmlcapital.com<\/a> .<\/p>\n\n<h4 class=\"wp-block-heading\">Quelles donn\u00e9es personnelles collectons-nous et comment obtenons-nous des donn\u00e9es personnelles ?<\/h4>\n\n<p>Nous collectons ou recevons des donn\u00e9es personnelles des mani\u00e8res suivantes :<\/p>\n\n<ul class=\"wp-block-list\">\n<li>Discussions initiales : vous pouvez nous communiquer vos coordonn\u00e9es, telles que votre nom, votre adresse email et votre num\u00e9ro de t\u00e9l\u00e9phone, dans le cadre de discussions relatives \u00e0 un investissement dans notre fonds ou \u00e0 un investissement de notre fonds dans votre entreprise ;<\/li>\n\n\n\n<li>Services : une fois que vous avez d\u00e9cid\u00e9 de recourir \u00e0 nos Services, pour vous-m\u00eame ou pour votre entreprise, nous pouvons collecter certaines donn\u00e9es personnelles compl\u00e9mentaires limit\u00e9es dans le cadre de la fourniture des Services, notamment les coordonn\u00e9es d\u2019autres salari\u00e9s travaillant au sein de l\u2019entreprise et avec lesquels nous devons \u00e9changer pour ex\u00e9cuter les Services ;<\/li>\n\n\n\n<li>Utilisation du Site : lorsque vous consultez le Site, nous pouvons collecter des informations relatives \u00e0 votre visite, telles que votre adresse IP et les pages que vous avez consult\u00e9es. Pour plus d\u2019informations, veuillez consulter la section relative aux Cookies ci-dessous ;<\/li>\n\n\n\n<li>Questions ou demandes : vous pouvez nous communiquer vos coordonn\u00e9es, notamment votre nom, votre adresse e-mail et le nom de la soci\u00e9t\u00e9 que vous repr\u00e9sentez, lorsque vous nous adressez des questions ou demandes, par exemple au sujet de nos fonds ou d\u2019autres Services, par l\u2019interm\u00e9diaire du Site, par e-mail ou par tout autre moyen ;<\/li>\n\n\n\n<li>Marketing : vous pouvez nous communiquer votre nom, votre adresse email et le nom de la soci\u00e9t\u00e9 que vous repr\u00e9sentez afin que nous puissions vous envoyer des informations nous concernant ou concernant nos Services, susceptibles selon nous de vous int\u00e9resser.<\/li>\n<\/ul>\n\n<p>Lorsque vous nous fournissez des donn\u00e9es personnelles vous concernant ou concernant une autre personne, telle qu'un coll\u00e8gue, vous nous confirmez que les donn\u00e9es personnelles que vous nous fournissez sont exactes et \u00e0 jour. Si vous fournissez des donn\u00e9es personnelles d'une autre personne, vous autorisez \u00e9galement que vous \u00eates autoris\u00e9 \u00e0 le faire.<\/p>\n\n<h4 class=\"wp-block-heading\">Donn\u00e9es personnelles sensibles<\/h4>\n\n<p>Compte tenu de la nature de nos activit\u00e9s, nous ne demandons pas de donn\u00e9es \"sensibles\" ou de \"cat\u00e9gories particuli\u00e8res de donn\u00e9es \u00e0 caract\u00e8re personnel\", telles que des informations sur votre sant\u00e9, vos opinions politiques, vos origines raciales ou votre vie sexuelle, et nous vous demandons de ne pas nous en envoyer. Si de telles donn\u00e9es personnelles nous sont fournies, nous les supprimerons.<\/p>\n\n<h4 class=\"wp-block-heading\">Comment utilisons-nous les donn\u00e9es personnelles ?<\/h4>\n\n<p>Pour traiter des donn\u00e9es personnelles, la loi exige que nous ayons une base l\u00e9gale pour le faire. Dans la plupart des cas, le motif l\u00e9gal sera que le traitement: (i) est n\u00e9cessaire \u00e0 la r\u00e9alisation de nos int\u00e9r\u00eats l\u00e9gitimes dans l'exercice de nos activit\u00e9s, y compris la collecte et l'investissement des fonds \/ l'entretien, l'am\u00e9lioration et la commercialisation de nos produits et services, le maintien de la s\u00e9curit\u00e9 de notre site web et de nos autres propri\u00e9t\u00e9s, \u00e0 condition que vos droits et libert\u00e9s ne l'emportent pas sur ces int\u00e9r\u00eats (\"int\u00e9r\u00eats l\u00e9gitimes\"), (ii) est n\u00e9cessaire \u00e0 l'ex\u00e9cution d'un contrat avec vous ou \u00e0 la conclusion d'un contrat avec vous (\"contrat\"), ou (iii) est n\u00e9cessaire au respect de nos obligations l\u00e9gales (\"obligation l\u00e9gale\"). Lorsque le traitement est fond\u00e9 sur votre consentement (\"consentement\"), nous identifierons les finalit\u00e9s du traitement et vous fournirons les informations pertinentes afin de rendre le traitement \u00e9quitable et transparent.    Nous avons \u00e9num\u00e9r\u00e9 ci-dessous les finalit\u00e9s pour lesquelles nous utilisons vos donn\u00e9es personnelles et sur quel(s) motif(s) nous nous appuyons pour le faire.<\/p>\n\n<p>Nous pouvons utiliser vos donn\u00e9es personnelles aux fins suivantes :<\/p>\n\n<ul class=\"wp-block-list\">\n<li>pour r\u00e9pondre aux demandes de renseignements, y compris sur les fonds et autres Services. Base l\u00e9gale: Int\u00e9r\u00eats ou contrat l\u00e9gitimes;<\/li>\n\n\n\n<li>pour fournir et exploiter le site Web et les services. Base l\u00e9gale: Int\u00e9r\u00eats ou contrat l\u00e9gitimes;<\/li>\n\n\n\n<li>pour fournir des conseils et un soutien concernant le site Web et les services. Base l\u00e9gale : Int\u00e9r\u00eats l\u00e9gitimes ou contrat.<\/li>\n\n\n\n<li>pour analyser et am\u00e9liorer le site Web, les fonds et autres services, par exemple \u00e0 des fins techniques ou de s\u00e9curit\u00e9 et pour am\u00e9liorer l'exp\u00e9rience client. Base l\u00e9gale : Int\u00e9r\u00eats l\u00e9gitimes, cependant, lorsque, par exemple, la loi applicable requiert votre consentement pour utiliser certains cookies, nous vous demanderons votre consentement apr\u00e8s vous avoir fourni des informations pertinentes.<\/li>\n\n\n\n<li>pour commercialiser nos fonds et\/ou autres Services \u2013 si nous le faisons, nous vous fournirons un moyen simple et gratuit de refuser de recevoir de telles communications \u00e0 l'avenir. Base l\u00e9gale : Int\u00e9r\u00eats l\u00e9gitimes ou, lorsque la loi l'exige, consentement.<br \/>pour \u00e9tudier les possibilit\u00e9s d'investissement. Base l\u00e9gale : Int\u00e9r\u00eats l\u00e9gitimes ou contrat.<\/li>\n\n\n\n<li>dans certaines circonstances, de les partager avec un nombre limit\u00e9 de tiers comme d\u00e9crit dans cette politique, par exemple pour des besoins op\u00e9rationnels et \u00e0 des fins de continuit\u00e9 d'activit\u00e9. Base l\u00e9gale: la plupart des traitements seront bas\u00e9s sur des int\u00e9r\u00eats l\u00e9gitimes, certains traitements sont bas\u00e9s sur des contrats et, si n\u00e9cessaire (comme ci-dessus), certains traitements peuvent \u00eatre bas\u00e9s sur votre consentement pr\u00e9alable.<\/li>\n<\/ul>\n\n<h4 class=\"wp-block-heading\">Partage de donn\u00e9es et transferts internationaux<\/h4>\n\n<p>Lorsque la loi le permet, nous pouvons partager des donn\u00e9es personnelles dans les circonstances limit\u00e9es suivantes.<\/p>\n\n<ul class=\"wp-block-list\">\n<li>Pour la fourniture des Services et \u00e0 des fins de reprise apr\u00e8s sinistre et de continuit\u00e9 des activit\u00e9s, nous pouvons stocker ou transmettre des donn\u00e9es personnelles \u00e0 ou via des fournisseurs tiers, tels que nos sous-traitants et conseillers pour nous aider \u00e0 exploiter, s\u00e9curiser et analyser notre entreprise. Ces tiers peuvent inclure, par exemple, un fournisseur de stockage en nuage. Base l\u00e9gale : Int\u00e9r\u00eats l\u00e9gitimes ou contrat.<\/li>\n\n\n\n<li>Nous pouvons \u00eatre oblig\u00e9s de divulguer vos donn\u00e9es personnelles pour nous conformer \u00e0 une loi, une ordonnance ou une demande d'un tribunal, d'une autorit\u00e9 gouvernementale, d'une autre autorit\u00e9 l\u00e9gale ou r\u00e9glementaire comp\u00e9tente ou de tout code de pratique ou directive applicable. Base l\u00e9gale : Obligation l\u00e9gale.<\/li>\n\n\n\n<li>Si nous entamons des n\u00e9gociations avec un tiers pour la vente ou l'achat de tout ou partie de notre entreprise, nous ne divulguerons les donn\u00e9es personnelles \u00e0 ce tiers que dans la mesure o\u00f9 elles se rapportent \u00e0 cette entreprise et uniquement dans des conditions de confidentialit\u00e9 exigeant que le tiers \u00eatre li\u00e9 par la politique de confidentialit\u00e9 qui s'applique \u00e0 ces donn\u00e9es. Base l\u00e9gale : Int\u00e9r\u00eats l\u00e9gitimes.<\/li>\n<\/ul>\n\n<p>Dans chaque cas, nous partageons les donn\u00e9es personnelles minimales n\u00e9cessaires et nous avons des contrats \u00e9crits en place incorporant un libell\u00e9 pertinent pour prot\u00e9ger ces donn\u00e9es personnelles et se conformer aux lois applicables, et nous ne partagerons les donn\u00e9es que si cela est n\u00e9cessaire aux fins en question. Dans la mesure du possible, nous conservons les donn\u00e9es \u00e0 caract\u00e8re personnel au Royaume-Uni et\/ou dans l'Espace \u00e9conomique europ\u00e9en (\"EEE\"). Cependant, afin de r\u00e9aliser les objectifs ci-dessus, nous pouvons utiliser des tiers et leurs installations en dehors du Royaume-Uni et\/ou de l'EEE. Dans tous ces cas, nous veillerons \u00e0 ce que des mesures de s\u00e9curit\u00e9 appropri\u00e9es soient en place pour prot\u00e9ger vos donn\u00e9es personnelles et qu'une base l\u00e9gale valable pour le transfert s'applique.<\/p>\n\n<h4 class=\"wp-block-heading\">Cookies<\/h4>\n\n<p>Notre site Web utilise des cookies et\/ou d'autres technologies de suivi similaires. Veuillez consulter notre <a href=\"https:\/\/mmlcapital.com\/fr\/cookies-policy\/\">politique relative aux cookies<\/a> qui fait partie de (et est int\u00e9gr\u00e9e \u00e0) cette politique de confidentialit\u00e9 pour plus d'informations, y compris sur la fa\u00e7on de refuser ou d'accepter s\u00e9lectivement les cookies et\/ou d'autres technologies de suivi similaires.<\/p>\n\n<h4 class=\"wp-block-heading\">R\u00e9tention<\/h4>\n\n<p>Nous ne conserverons vos donn\u00e9es personnelles que le temps n\u00e9cessaire aux fins pour lesquelles elles ont \u00e9t\u00e9 collect\u00e9es. Ce faisant, par d\u00e9faut, nous ne conserverons les donn\u00e9es personnelles que pendant toute p\u00e9riode de conservation l\u00e9gale applicable, puis une p\u00e9riode raisonnable (le cas \u00e9ch\u00e9ant) n\u00e9cessaire aux fins ci-dessus. Ceci est soumis, par exemple, \u00e0 toute option de retrait ou retrait de consentement valide lorsque le traitement est bas\u00e9 sur le consentement, ou \u00e0 tout autre exercice valide de vos droits de personne concern\u00e9e qui est affect\u00e9.<\/p>\n\n<h4 class=\"wp-block-heading\">S\u00e9curit\u00e9<\/h4>\n\n<p>La s\u00e9curit\u00e9 des donn\u00e9es personnelles est tr\u00e8s importante pour notre entreprise. Conform\u00e9ment \u00e0 nos obligations l\u00e9gales, nous avons mis en place des mesures techniques et organisationnelles appropri\u00e9es et robustes pour prot\u00e9ger vos donn\u00e9es personnelles et nous examinons constamment ces mesures. Par exemple, nous utilisons des outils de cryptage le cas \u00e9ch\u00e9ant, nous veillons \u00e0 ce que les informations confidentielles ne soient accessibles qu'aux personnes qui en ont besoin, nous prot\u00e9geons certains documents par un mot de passe et nous formons en permanence le personnel nouveau et existant \u00e0 la s\u00e9curit\u00e9 des donn\u00e9es \u00e0 caract\u00e8re personnel et des autres informations confidentielles.<br \/>Toutefois, nous ne pouvons \u00eatre responsables que des syst\u00e8mes que nous contr\u00f4lons et nous tenons \u00e0 souligner que l'internet lui-m\u00eame n'est pas un environnement intrins\u00e8quement s\u00fbr.<\/p>\n\n<h4 class=\"wp-block-heading\">Services tiers<\/h4>\n\n<p>Si vous acc\u00e9dez aux services d'un autre fournisseur via notre site Web ou nos services, par exemple via un lien sur le site Web, votre utilisation de ces services est enti\u00e8rement \u00e0 vos risques et r\u00e9gie par les conditions et la politique de confidentialit\u00e9 de ce fournisseur tiers. Si nous revendons un service fourni par un tiers (\"service de tiers\"), y compris tout logiciel fourni ou d\u00e9tenu par un tiers (\"logiciel de tiers\"), c'est la politique de confidentialit\u00e9 distincte de ce tiers qui s'appliquera \u00e0 vos donn\u00e9es personnelles et \u00e0 votre utilisation du service de tiers et du logiciel de tiers. Votre utilisation d'un service tiers n'est pas couverte par la pr\u00e9sente politique de confidentialit\u00e9. Veuillez donc consulter la politique de confidentialit\u00e9 de tout service tiers et logiciel tiers avant de l'utiliser.<\/p>\n\n<h4 class=\"wp-block-heading\">Vos droits<\/h4>\n\n<p>Dans certaines circonstances, vous pourrez exercer les droits suivants :<\/p>\n\n<ul class=\"wp-block-list\">\n<li>le droit de savoir si nous traitons des donn\u00e9es personnelles vous concernant et, si nous le faisons, avec certaines limitations, \u00e0 une copie de ces donn\u00e9es personnelles;<\/li>\n\n\n\n<li>le droit de nous demander de supprimer vos donn\u00e9es personnelles ;<\/li>\n\n\n\n<li>le droit de corriger toutes vos donn\u00e9es personnelles qui sont inexactes;<\/li>\n\n\n\n<li>le droit de s'opposer ou de restreindre certains traitements, y compris de s'opposer au marketing direct;<\/li>\n\n\n\n<li>le droit de retirer tout consentement que vous nous avez donn\u00e9 pour tout traitement de vos donn\u00e9es personnelles;<\/li>\n\n\n\n<li>le droit de \"porter\" certaines de vos donn\u00e9es \u00e0 caract\u00e8re personnel \u00e0 votre attention ou \u00e0 celle d'un autre fournisseur.<\/li>\n<\/ul>\n\n<p>Vous avez \u00e9galement le droit, \u00e0 tout moment, de d\u00e9poser une plainte aupr\u00e8s de tout organisme de r\u00e9glementation tel que le Bureau du commissaire \u00e0 l'information au Royaume-Uni, bien que nous serions heureux d'avoir l'opportunit\u00e9 de discuter et de r\u00e9soudre d'abord toute plainte avec vous.<\/p>\n","protected":false},"excerpt":{"rendered":"<p>Derni\u00e8re mise \u00e0 jour : 09\/08\/21 Cette politique de confidentialit\u00e9 s'applique \u00e0 toutes les donn\u00e9es personnelles trait\u00e9es par MML UK Advisor LLP, soci\u00e9t\u00e9 de droit anglais, immatricul\u00e9e sous le num\u00e9ro CO393766, dont le si\u00e8ge social est Orion House, 5 Upper St. Martin's Lane, Londres, WC2H 9EA (\"MML UK Advisor\", \"nous\", \"nous\" ou \"notre\"). Cela comprend [&hellip;]<\/p>\n","protected":false},"author":1,"featured_media":0,"parent":0,"menu_order":0,"comment_status":"closed","ping_status":"open","template":"","meta":{"footnotes":""},"class_list":["post-6522","page","type-page","status-publish","hentry"],"yoast_head":"<!-- This site is optimized with the Yoast SEO plugin v27.5 - https:\/\/yoast.com\/product\/yoast-seo-wordpress\/ -->\n<title>Politique de confidentialit\u00e9 - MML Capital<\/title>\n<meta name=\"robots\" content=\"index, follow, max-snippet:-1, max-image-preview:large, max-video-preview:-1\" \/>\n<link rel=\"canonical\" href=\"https:\/\/mmlcapital.com\/fr\/privacy-policy\/\" \/>\n<meta property=\"og:locale\" content=\"fr_FR\" \/>\n<meta property=\"og:type\" content=\"article\" \/>\n<meta property=\"og:title\" content=\"Politique de confidentialit\u00e9 - MML Capital\" \/>\n<meta property=\"og:description\" content=\"Derni\u00e8re mise \u00e0 jour : 09\/08\/21 Cette politique de confidentialit\u00e9 s&#039;applique \u00e0 toutes les donn\u00e9es personnelles trait\u00e9es par MML UK Advisor LLP, soci\u00e9t\u00e9 de droit anglais, immatricul\u00e9e sous le num\u00e9ro CO393766, dont le si\u00e8ge social est Orion House, 5 Upper St. Martin&#039;s Lane, Londres, WC2H 9EA (&quot;MML UK Advisor&quot;, &quot;nous&quot;, &quot;nous&quot; ou &quot;notre&quot;). Cela comprend [&hellip;]\" \/>\n<meta property=\"og:url\" content=\"https:\/\/mmlcapital.com\/fr\/privacy-policy\/\" \/>\n<meta property=\"og:site_name\" content=\"MML Capital\" \/>\n<meta property=\"article:modified_time\" content=\"2026-05-06T10:29:57+00:00\" \/>\n<meta name=\"twitter:card\" content=\"summary_large_image\" \/>\n<meta name=\"twitter:label1\" content=\"Dur\u00e9e de lecture estim\u00e9e\" \/>\n\t<meta name=\"twitter:data1\" content=\"11 minutes\" \/>\n<script type=\"application\/ld+json\" class=\"yoast-schema-graph\">{\"@context\":\"https:\\\/\\\/schema.org\",\"@graph\":[{\"@type\":\"WebPage\",\"@id\":\"https:\\\/\\\/mmlcapital.com\\\/fr\\\/privacy-policy\\\/\",\"url\":\"https:\\\/\\\/mmlcapital.com\\\/fr\\\/privacy-policy\\\/\",\"name\":\"Politique de confidentialit\u00e9 - MML Capital\",\"isPartOf\":{\"@id\":\"https:\\\/\\\/mmlcapital.com\\\/#website\"},\"datePublished\":\"2021-11-18T08:41:00+00:00\",\"dateModified\":\"2026-05-06T10:29:57+00:00\",\"breadcrumb\":{\"@id\":\"https:\\\/\\\/mmlcapital.com\\\/fr\\\/privacy-policy\\\/#breadcrumb\"},\"inLanguage\":\"fr-FR\",\"potentialAction\":[{\"@type\":\"ReadAction\",\"target\":[\"https:\\\/\\\/mmlcapital.com\\\/fr\\\/privacy-policy\\\/\"]}]},{\"@type\":\"BreadcrumbList\",\"@id\":\"https:\\\/\\\/mmlcapital.com\\\/fr\\\/privacy-policy\\\/#breadcrumb\",\"itemListElement\":[{\"@type\":\"ListItem\",\"position\":1,\"name\":\"Home\",\"item\":\"https:\\\/\\\/mmlcapital.com\\\/fr\\\/home\\\/\"},{\"@type\":\"ListItem\",\"position\":2,\"name\":\"Politique de confidentialit\u00e9\"}]},{\"@type\":\"WebSite\",\"@id\":\"https:\\\/\\\/mmlcapital.com\\\/#website\",\"url\":\"https:\\\/\\\/mmlcapital.com\\\/\",\"name\":\"MML Capital\",\"description\":\"Tailored Investments\",\"publisher\":{\"@id\":\"https:\\\/\\\/mmlcapital.com\\\/#organization\"},\"potentialAction\":[{\"@type\":\"SearchAction\",\"target\":{\"@type\":\"EntryPoint\",\"urlTemplate\":\"https:\\\/\\\/mmlcapital.com\\\/?s={search_term_string}\"},\"query-input\":{\"@type\":\"PropertyValueSpecification\",\"valueRequired\":true,\"valueName\":\"search_term_string\"}}],\"inLanguage\":\"fr-FR\"},{\"@type\":\"Organization\",\"@id\":\"https:\\\/\\\/mmlcapital.com\\\/#organization\",\"name\":\"MML Capital\",\"url\":\"https:\\\/\\\/mmlcapital.com\\\/\",\"logo\":{\"@type\":\"ImageObject\",\"inLanguage\":\"fr-FR\",\"@id\":\"https:\\\/\\\/mmlcapital.com\\\/#\\\/schema\\\/logo\\\/image\\\/\",\"url\":\"https:\\\/\\\/mmlcapital.com\\\/wp-content\\\/uploads\\\/2021\\\/06\\\/MML-Logo-Colour.svg\",\"contentUrl\":\"https:\\\/\\\/mmlcapital.com\\\/wp-content\\\/uploads\\\/2021\\\/06\\\/MML-Logo-Colour.svg\",\"width\":150,\"height\":47.701,\"caption\":\"MML Capital\"},\"image\":{\"@id\":\"https:\\\/\\\/mmlcapital.com\\\/#\\\/schema\\\/logo\\\/image\\\/\"}}]}<\/script>\n<!-- \/ Yoast SEO plugin. -->","yoast_head_json":{"title":"Politique de confidentialit\u00e9 - MML Capital","robots":{"index":"index","follow":"follow","max-snippet":"max-snippet:-1","max-image-preview":"max-image-preview:large","max-video-preview":"max-video-preview:-1"},"canonical":"https:\/\/mmlcapital.com\/fr\/privacy-policy\/","og_locale":"fr_FR","og_type":"article","og_title":"Politique de confidentialit\u00e9 - MML Capital","og_description":"Derni\u00e8re mise \u00e0 jour : 09\/08\/21 Cette politique de confidentialit\u00e9 s'applique \u00e0 toutes les donn\u00e9es personnelles trait\u00e9es par MML UK Advisor LLP, soci\u00e9t\u00e9 de droit anglais, immatricul\u00e9e sous le num\u00e9ro CO393766, dont le si\u00e8ge social est Orion House, 5 Upper St. Martin's Lane, Londres, WC2H 9EA (\"MML UK Advisor\", \"nous\", \"nous\" ou \"notre\"). Cela comprend [&hellip;]","og_url":"https:\/\/mmlcapital.com\/fr\/privacy-policy\/","og_site_name":"MML Capital","article_modified_time":"2026-05-06T10:29:57+00:00","twitter_card":"summary_large_image","twitter_misc":{"Dur\u00e9e de lecture estim\u00e9e":"11 minutes"},"schema":{"@context":"https:\/\/schema.org","@graph":[{"@type":"WebPage","@id":"https:\/\/mmlcapital.com\/fr\/privacy-policy\/","url":"https:\/\/mmlcapital.com\/fr\/privacy-policy\/","name":"Politique de confidentialit\u00e9 - MML Capital","isPartOf":{"@id":"https:\/\/mmlcapital.com\/#website"},"datePublished":"2021-11-18T08:41:00+00:00","dateModified":"2026-05-06T10:29:57+00:00","breadcrumb":{"@id":"https:\/\/mmlcapital.com\/fr\/privacy-policy\/#breadcrumb"},"inLanguage":"fr-FR","potentialAction":[{"@type":"ReadAction","target":["https:\/\/mmlcapital.com\/fr\/privacy-policy\/"]}]},{"@type":"BreadcrumbList","@id":"https:\/\/mmlcapital.com\/fr\/privacy-policy\/#breadcrumb","itemListElement":[{"@type":"ListItem","position":1,"name":"Home","item":"https:\/\/mmlcapital.com\/fr\/home\/"},{"@type":"ListItem","position":2,"name":"Politique de confidentialit\u00e9"}]},{"@type":"WebSite","@id":"https:\/\/mmlcapital.com\/#website","url":"https:\/\/mmlcapital.com\/","name":"MML Capital","description":"Tailored Investments","publisher":{"@id":"https:\/\/mmlcapital.com\/#organization"},"potentialAction":[{"@type":"SearchAction","target":{"@type":"EntryPoint","urlTemplate":"https:\/\/mmlcapital.com\/?s={search_term_string}"},"query-input":{"@type":"PropertyValueSpecification","valueRequired":true,"valueName":"search_term_string"}}],"inLanguage":"fr-FR"},{"@type":"Organization","@id":"https:\/\/mmlcapital.com\/#organization","name":"MML Capital","url":"https:\/\/mmlcapital.com\/","logo":{"@type":"ImageObject","inLanguage":"fr-FR","@id":"https:\/\/mmlcapital.com\/#\/schema\/logo\/image\/","url":"https:\/\/mmlcapital.com\/wp-content\/uploads\/2021\/06\/MML-Logo-Colour.svg","contentUrl":"https:\/\/mmlcapital.com\/wp-content\/uploads\/2021\/06\/MML-Logo-Colour.svg","width":150,"height":47.701,"caption":"MML Capital"},"image":{"@id":"https:\/\/mmlcapital.com\/#\/schema\/logo\/image\/"}}]}},"_links":{"self":[{"href":"https:\/\/mmlcapital.com\/fr\/wp-json\/wp\/v2\/pages\/6522","targetHints":{"allow":["GET"]}}],"collection":[{"href":"https:\/\/mmlcapital.com\/fr\/wp-json\/wp\/v2\/pages"}],"about":[{"href":"https:\/\/mmlcapital.com\/fr\/wp-json\/wp\/v2\/types\/page"}],"author":[{"embeddable":true,"href":"https:\/\/mmlcapital.com\/fr\/wp-json\/wp\/v2\/users\/1"}],"replies":[{"embeddable":true,"href":"https:\/\/mmlcapital.com\/fr\/wp-json\/wp\/v2\/comments?post=6522"}],"version-history":[{"count":3,"href":"https:\/\/mmlcapital.com\/fr\/wp-json\/wp\/v2\/pages\/6522\/revisions"}],"predecessor-version":[{"id":18406,"href":"https:\/\/mmlcapital.com\/fr\/wp-json\/wp\/v2\/pages\/6522\/revisions\/18406"}],"wp:attachment":[{"href":"https:\/\/mmlcapital.com\/fr\/wp-json\/wp\/v2\/media?parent=6522"}],"curies":[{"name":"wp","href":"https:\/\/api.w.org\/{rel}","templated":true}]}}