{"id":6467,"date":"2021-11-17T14:44:22","date_gmt":"2021-11-17T14:44:22","guid":{"rendered":"https:\/\/mmlcapital.com\/politique-de-cookies\/"},"modified":"2026-05-06T11:29:58","modified_gmt":"2026-05-06T10:29:58","slug":"cookies-policy","status":"publish","type":"page","link":"https:\/\/mmlcapital.com\/fr\/cookies-policy\/","title":{"rendered":"Politique de cookies"},"content":{"rendered":"\n<p>Derni\u00e8re mise \u00e0 jour : 09\/08\/21<\/p>\n\n<h4 class=\"wp-block-heading\">La pr\u00e9sente politique<\/h4>\n\n<p>La pr\u00e9sente Politique relative aux cookies explique comment MML UK Advisor LLP, soci\u00e9t\u00e9 constitu\u00e9e en Angleterre, immatricul\u00e9e sous le num\u00e9ro OC393766, dont le si\u00e8ge social est situ\u00e9 Orion House, 5 Upper St. Martin\u2019s Lane, Londres, WC2H 9EA, Royaume-Uni (\u00ab MML UK Advisor \u00bb, \u00ab nous \u00bb, \u00ab notre \u00bb ou \u00ab nos \u00bb), utilise des cookies ou d\u2019autres technologies de suivi similaires sur votre appareil lorsque vous naviguez sur <a href=\"http:\/\/www.mmlcapital.com\">www.mmlcapital.com<\/a> ou sur tout autre site internet d\u00e9tenu, exploit\u00e9 ou fourni par nous (ensemble, le \u00ab Site \u00bb).<\/p>\n\n<p>Les donn\u00e9es trait\u00e9es via notre utilisation de cookies ou d'autres technologies de suivi peuvent \u00eatre consid\u00e9r\u00e9es comme des donn\u00e9es personnelles. Nous vous invitons donc \u00e9galement \u00e0 consulter notre <a href=\"https:\/\/mmlcapital.com\/fr\/politique-de-confidentialite\/\">politique de confidentialit\u00e9,<\/a> qui explique la mani\u00e8re dont nous traitons les donn\u00e9es personnelles.<\/p>\n\n<h4 class=\"wp-block-heading\">Que sont les cookies ?<\/h4>\n\n<p>L\u2019Information Commissioner\u2019s Office du Royaume-Uni (\u00ab UK ICO \u00bb) d\u00e9finit les cookies comme de \u00ab petits fichiers texte plac\u00e9s sur votre ordinateur par les sites internet que vous consultez. Ils sont largement utilis\u00e9s pour permettre aux sites internet de fonctionner, ou de fonctionner plus efficacement, ainsi que pour fournir des informations aux propri\u00e9taires du site \u00bb.<\/p>\n\n<p>Vous pouvez tout savoir sur les cookies, comment les g\u00e9rer et les supprimer, et comment g\u00e9rer les param\u00e8tres de votre navigateur, sur <a href=\"https:\/\/ico.org.uk\/global\/cookies\" target=\"_blank\" rel=\"noopener\">UK ICO<\/a> et <a href=\"https:\/\/www.aboutcookies.org\/\" target=\"_blank\" rel=\"noopener\">www.aboutcookies.org<\/a> . Pour plus d'informations sur la d\u00e9sactivation des cookies sur le Site, veuillez consulter la section ci-dessous.<\/p>\n\n<p>Veuillez noter que si vous configurez votre navigateur et vos param\u00e8tres tiers afin de bloquer les cookies, tout ou partie du Site et des Services pourrait ne pas fonctionner pleinement, et votre exp\u00e9rience utilisateur pourrait en \u00eatre affect\u00e9e.<\/p>\n\n<h4 class=\"wp-block-heading\">Il existe 4 principaux types de cookies, tels que d\u00e9finis par <a href=\"https:\/\/www.cookielaw.org\/wp-content\/uploads\/2019\/12\/icc_uk_cookiesguide_revnov.pdf\" target=\"_blank\" rel=\"noopener\">la CCI<\/a> :<\/h4>\n\n<p>Cookies strictement n\u00e9cessaires \u2014 ces cookies permettent de fournir les services que vous avez demand\u00e9s, tels que les cookies li\u00e9s \u00e0 la saisie utilisateur, \u00e0 l\u2019authentification, aux lecteurs de contenus multim\u00e9dias, aux paniers d\u2019achat ou \u00e0 la facturation \u00e9lectronique. Il s\u2019agit g\u00e9n\u00e9ralement de \u00ab cookies de session \u00bb, qui sont supprim\u00e9s \u00e0 la fin de la session ou peu apr\u00e8s. Votre consentement n\u2019est pas requis pour ces cookies.<\/p>\n\n<p>Cookies analytiques \/ de performance \u2014 ces cookies collectent des informations sur la mani\u00e8re dont les visiteurs utilisent un site internet, par exemple les pages les plus consult\u00e9es ou le temps pass\u00e9 sur certaines pages. Votre consentement est requis pour ces cookies.<\/p>\n\n<p>ookies de fonctionnalit\u00e9 \u2014 ces cookies \u00ab m\u00e9morisent les choix que vous effectuez afin d\u2019am\u00e9liorer votre exp\u00e9rience \u00bb, tels que votre nom d\u2019utilisateur, et peuvent \u00e9galement \u00eatre utilis\u00e9s pour fournir des services que vous avez demand\u00e9s, comme regarder une vid\u00e9o ou commenter un blog. Ces cookies ne peuvent pas suivre votre activit\u00e9 de navigation sur d'autres sites Web. Votre consentement est requis pour ces cookies.<\/p>\n\n<p>Cookies publicitaires \u2014 ces cookies \u00ab sont utilis\u00e9s pour vous proposer des publicit\u00e9s plus pertinentes au regard de vos int\u00e9r\u00eats \u00bb. Votre consentement est requis pour ces cookies.<\/p>\n\n<h4 class=\"wp-block-heading\">Cookies que nous utilisons sur notre site Web<\/h4>\n\n<p>En plus des cookies consid\u00e9r\u00e9s comme strictement n\u00e9cessaires au fonctionnement du Site, nous utilisons \u00e9galement Google Analytics, un cookie analytique \/ de performance tel que d\u00e9crit ci-dessus, si vous nous donnez votre consentement \u00e0 cet effet. Votre consentement vous sera demand\u00e9 lors de votre premi\u00e8re visite sur notre Site, et votre choix sera m\u00e9moris\u00e9 lors de vos visites ult\u00e9rieures.<\/p>\n\n<h4 class=\"wp-block-heading\">Retrait du consentement<\/h4>\n\n<p>Si vous souhaitez retirer votre consentement \u00e0 l'utilisation des cookies, vous pouvez le faire en cliquant sur le bouton \"r\u00e9voquer le consentement\" ci-dessous. La banni\u00e8re des cookies s'affichera lors de votre prochaine visite. Alternativement, vous pouvez exercer vos droits \u00e9num\u00e9r\u00e9s dans la <a href=\"https:\/\/mmlcapital.com\/fr\/politique-de-confidentialite\/\">Politique de confidentialit\u00e9<\/a> .<\/p>\n\n<p>Vous pouvez \u00e9galement refuser d'\u00eatre suivi par <a href=\"https:\/\/tools.google.com\/dlpage\/gaoptout\" target=\"_blank\" rel=\"noopener\">Google Analytics<\/a> sur tous les sites Web en cliquant sur le lien.<\/p>\n\n<p>Retirer votre consentement \u00e0 l'utilisation de cookies : <a href=\"https:\/\/mmlcapital.com\/fr\/cookies-policy\/#\">R\u00e9voquer le consentement<\/a><\/p>\n\n<h4 class=\"wp-block-heading\">Nous contacter<\/h4>\n\n<p>Si vous avez des questions, vous pouvez toujours nous contacter \u00e0 l'adresse ci-dessus ou par courriel \u00e0 <a href=\"mailto:privacy@mmlcapital.com\">privacy@mmlcapital.com<\/a>.<\/p>\n","protected":false},"excerpt":{"rendered":"<p>Derni\u00e8re mise \u00e0 jour : 09\/08\/21 La pr\u00e9sente politique La pr\u00e9sente Politique relative aux cookies explique comment MML UK Advisor LLP, soci\u00e9t\u00e9 constitu\u00e9e en Angleterre, immatricul\u00e9e sous le num\u00e9ro OC393766, dont le si\u00e8ge social est situ\u00e9 Orion House, 5 Upper St. Martin\u2019s Lane, Londres, WC2H 9EA, Royaume-Uni (\u00ab MML UK Advisor \u00bb, \u00ab nous \u00bb, [&hellip;]<\/p>\n","protected":false},"author":1,"featured_media":0,"parent":0,"menu_order":0,"comment_status":"closed","ping_status":"closed","template":"","meta":{"footnotes":""},"class_list":["post-6467","page","type-page","status-publish","hentry"],"yoast_head":"<!-- This site is optimized with the Yoast SEO plugin v27.5 - https:\/\/yoast.com\/product\/yoast-seo-wordpress\/ -->\n<title>Politique de cookies - MML Capital<\/title>\n<meta name=\"robots\" content=\"index, follow, max-snippet:-1, max-image-preview:large, max-video-preview:-1\" \/>\n<link rel=\"canonical\" href=\"https:\/\/mmlcapital.com\/fr\/cookies-policy\/\" \/>\n<meta property=\"og:locale\" content=\"fr_FR\" \/>\n<meta property=\"og:type\" content=\"article\" \/>\n<meta property=\"og:title\" content=\"Politique de cookies - MML Capital\" \/>\n<meta property=\"og:description\" content=\"Derni\u00e8re mise \u00e0 jour : 09\/08\/21 La pr\u00e9sente politique La pr\u00e9sente Politique relative aux cookies explique comment MML UK Advisor LLP, soci\u00e9t\u00e9 constitu\u00e9e en Angleterre, immatricul\u00e9e sous le num\u00e9ro OC393766, dont le si\u00e8ge social est situ\u00e9 Orion House, 5 Upper St. Martin\u2019s Lane, Londres, WC2H 9EA, Royaume-Uni (\u00ab MML UK Advisor \u00bb, \u00ab nous \u00bb, [&hellip;]\" \/>\n<meta property=\"og:url\" content=\"https:\/\/mmlcapital.com\/fr\/cookies-policy\/\" \/>\n<meta property=\"og:site_name\" content=\"MML Capital\" \/>\n<meta property=\"article:modified_time\" content=\"2026-05-06T10:29:58+00:00\" \/>\n<meta name=\"twitter:card\" content=\"summary_large_image\" \/>\n<meta name=\"twitter:label1\" content=\"Dur\u00e9e de lecture estim\u00e9e\" \/>\n\t<meta name=\"twitter:data1\" content=\"3 minutes\" \/>\n<script type=\"application\/ld+json\" class=\"yoast-schema-graph\">{\"@context\":\"https:\\\/\\\/schema.org\",\"@graph\":[{\"@type\":\"WebPage\",\"@id\":\"https:\\\/\\\/mmlcapital.com\\\/fr\\\/cookies-policy\\\/\",\"url\":\"https:\\\/\\\/mmlcapital.com\\\/fr\\\/cookies-policy\\\/\",\"name\":\"Politique de cookies - MML Capital\",\"isPartOf\":{\"@id\":\"https:\\\/\\\/mmlcapital.com\\\/#website\"},\"datePublished\":\"2021-11-17T14:44:22+00:00\",\"dateModified\":\"2026-05-06T10:29:58+00:00\",\"breadcrumb\":{\"@id\":\"https:\\\/\\\/mmlcapital.com\\\/fr\\\/cookies-policy\\\/#breadcrumb\"},\"inLanguage\":\"fr-FR\",\"potentialAction\":[{\"@type\":\"ReadAction\",\"target\":[\"https:\\\/\\\/mmlcapital.com\\\/fr\\\/cookies-policy\\\/\"]}]},{\"@type\":\"BreadcrumbList\",\"@id\":\"https:\\\/\\\/mmlcapital.com\\\/fr\\\/cookies-policy\\\/#breadcrumb\",\"itemListElement\":[{\"@type\":\"ListItem\",\"position\":1,\"name\":\"Home\",\"item\":\"https:\\\/\\\/mmlcapital.com\\\/fr\\\/home\\\/\"},{\"@type\":\"ListItem\",\"position\":2,\"name\":\"Politique de cookies\"}]},{\"@type\":\"WebSite\",\"@id\":\"https:\\\/\\\/mmlcapital.com\\\/#website\",\"url\":\"https:\\\/\\\/mmlcapital.com\\\/\",\"name\":\"MML Capital\",\"description\":\"Tailored Investments\",\"publisher\":{\"@id\":\"https:\\\/\\\/mmlcapital.com\\\/#organization\"},\"potentialAction\":[{\"@type\":\"SearchAction\",\"target\":{\"@type\":\"EntryPoint\",\"urlTemplate\":\"https:\\\/\\\/mmlcapital.com\\\/?s={search_term_string}\"},\"query-input\":{\"@type\":\"PropertyValueSpecification\",\"valueRequired\":true,\"valueName\":\"search_term_string\"}}],\"inLanguage\":\"fr-FR\"},{\"@type\":\"Organization\",\"@id\":\"https:\\\/\\\/mmlcapital.com\\\/#organization\",\"name\":\"MML Capital\",\"url\":\"https:\\\/\\\/mmlcapital.com\\\/\",\"logo\":{\"@type\":\"ImageObject\",\"inLanguage\":\"fr-FR\",\"@id\":\"https:\\\/\\\/mmlcapital.com\\\/#\\\/schema\\\/logo\\\/image\\\/\",\"url\":\"https:\\\/\\\/mmlcapital.com\\\/wp-content\\\/uploads\\\/2021\\\/06\\\/MML-Logo-Colour.svg\",\"contentUrl\":\"https:\\\/\\\/mmlcapital.com\\\/wp-content\\\/uploads\\\/2021\\\/06\\\/MML-Logo-Colour.svg\",\"width\":150,\"height\":47.701,\"caption\":\"MML Capital\"},\"image\":{\"@id\":\"https:\\\/\\\/mmlcapital.com\\\/#\\\/schema\\\/logo\\\/image\\\/\"}}]}<\/script>\n<!-- \/ Yoast SEO plugin. -->","yoast_head_json":{"title":"Politique de cookies - MML Capital","robots":{"index":"index","follow":"follow","max-snippet":"max-snippet:-1","max-image-preview":"max-image-preview:large","max-video-preview":"max-video-preview:-1"},"canonical":"https:\/\/mmlcapital.com\/fr\/cookies-policy\/","og_locale":"fr_FR","og_type":"article","og_title":"Politique de cookies - MML Capital","og_description":"Derni\u00e8re mise \u00e0 jour : 09\/08\/21 La pr\u00e9sente politique La pr\u00e9sente Politique relative aux cookies explique comment MML UK Advisor LLP, soci\u00e9t\u00e9 constitu\u00e9e en Angleterre, immatricul\u00e9e sous le num\u00e9ro OC393766, dont le si\u00e8ge social est situ\u00e9 Orion House, 5 Upper St. Martin\u2019s Lane, Londres, WC2H 9EA, Royaume-Uni (\u00ab MML UK Advisor \u00bb, \u00ab nous \u00bb, [&hellip;]","og_url":"https:\/\/mmlcapital.com\/fr\/cookies-policy\/","og_site_name":"MML Capital","article_modified_time":"2026-05-06T10:29:58+00:00","twitter_card":"summary_large_image","twitter_misc":{"Dur\u00e9e de lecture estim\u00e9e":"3 minutes"},"schema":{"@context":"https:\/\/schema.org","@graph":[{"@type":"WebPage","@id":"https:\/\/mmlcapital.com\/fr\/cookies-policy\/","url":"https:\/\/mmlcapital.com\/fr\/cookies-policy\/","name":"Politique de cookies - MML Capital","isPartOf":{"@id":"https:\/\/mmlcapital.com\/#website"},"datePublished":"2021-11-17T14:44:22+00:00","dateModified":"2026-05-06T10:29:58+00:00","breadcrumb":{"@id":"https:\/\/mmlcapital.com\/fr\/cookies-policy\/#breadcrumb"},"inLanguage":"fr-FR","potentialAction":[{"@type":"ReadAction","target":["https:\/\/mmlcapital.com\/fr\/cookies-policy\/"]}]},{"@type":"BreadcrumbList","@id":"https:\/\/mmlcapital.com\/fr\/cookies-policy\/#breadcrumb","itemListElement":[{"@type":"ListItem","position":1,"name":"Home","item":"https:\/\/mmlcapital.com\/fr\/home\/"},{"@type":"ListItem","position":2,"name":"Politique de cookies"}]},{"@type":"WebSite","@id":"https:\/\/mmlcapital.com\/#website","url":"https:\/\/mmlcapital.com\/","name":"MML Capital","description":"Tailored Investments","publisher":{"@id":"https:\/\/mmlcapital.com\/#organization"},"potentialAction":[{"@type":"SearchAction","target":{"@type":"EntryPoint","urlTemplate":"https:\/\/mmlcapital.com\/?s={search_term_string}"},"query-input":{"@type":"PropertyValueSpecification","valueRequired":true,"valueName":"search_term_string"}}],"inLanguage":"fr-FR"},{"@type":"Organization","@id":"https:\/\/mmlcapital.com\/#organization","name":"MML Capital","url":"https:\/\/mmlcapital.com\/","logo":{"@type":"ImageObject","inLanguage":"fr-FR","@id":"https:\/\/mmlcapital.com\/#\/schema\/logo\/image\/","url":"https:\/\/mmlcapital.com\/wp-content\/uploads\/2021\/06\/MML-Logo-Colour.svg","contentUrl":"https:\/\/mmlcapital.com\/wp-content\/uploads\/2021\/06\/MML-Logo-Colour.svg","width":150,"height":47.701,"caption":"MML Capital"},"image":{"@id":"https:\/\/mmlcapital.com\/#\/schema\/logo\/image\/"}}]}},"_links":{"self":[{"href":"https:\/\/mmlcapital.com\/fr\/wp-json\/wp\/v2\/pages\/6467","targetHints":{"allow":["GET"]}}],"collection":[{"href":"https:\/\/mmlcapital.com\/fr\/wp-json\/wp\/v2\/pages"}],"about":[{"href":"https:\/\/mmlcapital.com\/fr\/wp-json\/wp\/v2\/types\/page"}],"author":[{"embeddable":true,"href":"https:\/\/mmlcapital.com\/fr\/wp-json\/wp\/v2\/users\/1"}],"replies":[{"embeddable":true,"href":"https:\/\/mmlcapital.com\/fr\/wp-json\/wp\/v2\/comments?post=6467"}],"version-history":[{"count":2,"href":"https:\/\/mmlcapital.com\/fr\/wp-json\/wp\/v2\/pages\/6467\/revisions"}],"predecessor-version":[{"id":18402,"href":"https:\/\/mmlcapital.com\/fr\/wp-json\/wp\/v2\/pages\/6467\/revisions\/18402"}],"wp:attachment":[{"href":"https:\/\/mmlcapital.com\/fr\/wp-json\/wp\/v2\/media?parent=6467"}],"curies":[{"name":"wp","href":"https:\/\/api.w.org\/{rel}","templated":true}]}}